{"id":139,"date":"2021-05-16T10:19:31","date_gmt":"2021-05-16T10:19:31","guid":{"rendered":"https:\/\/rezepte.ischsuper.ch\/?page_id=139"},"modified":"2021-05-16T12:42:25","modified_gmt":"2021-05-16T12:42:25","slug":"rezepte","status":"publish","type":"page","link":"https:\/\/rezepte.ischsuper.ch\/?page_id=139","title":{"rendered":"Zufallsrezept"},"content":{"rendered":"\n<p>Auf dieser Seite wird immer ein Zuf\u00e4lliges Rezept angezeigt. Doch nicht das richtige? Lade einfach die Seite neu um ein anderes Rezept anzeigen zu lassen.<\/p>\n\n\n\n<div id=\"recipe\"><\/div><div id=\"wprm-recipe-container-202\" class=\"wprm-recipe-container\" data-recipe-id=\"202\" data-servings=\"4\"><div class=\"wprm-recipe wprm-recipe-template-chic\"><div class=\"wprm-container-float-right\">\n    \n<\/div>\n<h2 class=\"wprm-recipe-name wprm-block-text-bold\">Rhabarber Erdbeer Konfit\u00fcre mit Holunderbl\u00fctensirup<\/h2>\n<div class=\"wprm-spacer\"><\/div>\n\n<div class=\"wprm-spacer\"><\/div>\n<div class=\"wprm-recipe-summary wprm-block-text-normal\">Link zum Originalrezept: https:\/\/www.wildeisen.ch\/rezepte\/rhabarber-erdbeer-konfituere-mit-holunderbluetensirup<\/div>\n<div class=\"wprm-spacer\"><\/div>\n\n<div class=\"wprm-spacer\" style=\"height: 25px;\"><\/div>\n<div class=\"wprm-template-chic-buttons wprm-container-columns-spaced-middle wprm-container-columns-gutter\">\n\t<a href=\"https:\/\/rezepte.ischsuper.ch\/?wprm_print=rhabarber-erdbeer-konfituere-mit-holunderbluetensirup\" style=\"color: #ffffff;background-color: #5A822B;border-color: #5A822B;border-radius: 3px;padding: 10px 5px;\" class=\"wprm-recipe-print wprm-recipe-link wprm-print-recipe-shortcode wprm-block-text-normal wprm-recipe-print-wide-button wprm-recipe-link-wide-button wprm-color-accent\" data-recipe-id=\"202\" data-template=\"\" target=\"_blank\" rel=\"nofollow\"><span class=\"wprm-recipe-icon wprm-recipe-print-icon\"><svg width=\"16px\" height=\"16px\" viewBox=\"0 0 24 24\" version=\"1.1\" xmlns=\"http:\/\/www.w3.org\/2000\/svg\" xmlns:xlink=\"http:\/\/www.w3.org\/1999\/xlink\"><g stroke=\"none\" stroke-width=\"1\" fill=\"none\" fill-rule=\"evenodd\"><g fill=\"#ffffff\"><g><path d=\"M17.5454,0.0005 C18.2904,0.0005 18.9004,0.6105 18.9004,1.3565 L18.9004,1.3565 L18.9004,4.9445 L21.9904,4.9445 C23.0954,4.9445 24.0004,5.8485 24.0004,6.9535 L24.0004,6.9535 L24.0004,17.2415 C24.0004,18.3465 23.0954,19.2505 21.9904,19.2505 L21.9904,19.2505 L19.8414,19.2505 L19.8414,22.2795 C19.8414,23.1725 19.1104,23.9035 18.2174,23.9035 L18.2174,23.9035 L5.7834,23.9035 C4.8894,23.9035 4.1594,23.1725 4.1594,22.2795 L4.1594,22.2795 L4.1594,19.2505 L2.0104,19.2505 C0.9044,19.2505 0.0004,18.3465 0.0004,17.2415 L0.0004,17.2415 L0.0004,6.9535 C0.0004,5.8485 0.9044,4.9445 2.0104,4.9445 L2.0104,4.9445 L5.0984,4.9445 L5.0984,1.3565 C5.0984,0.6105 5.7094,0.0005 6.4554,0.0005 L6.4554,0.0005 Z M17.8414,15.5975 L6.1594,15.5975 L6.1594,21.9035 L17.8414,21.9035 L17.8414,15.5975 Z M21.9904,6.9445 L2.0104,6.9445 L2.0004,17.2415 L4.1594,17.2425 L4.1594,15.2215 C4.1594,14.3285 4.8894,13.5975 5.7834,13.5975 L5.7834,13.5975 L18.2174,13.5975 C19.1104,13.5975 19.8414,14.3285 19.8414,15.2215 L19.8414,15.2215 L19.8414,17.2495 L21.9904,17.2505 L22.0004,6.9535 L21.9904,6.9445 Z M6.1632,9.1318 C6.7902,9.1318 7.2992,9.6408 7.2992,10.2678 C7.2992,10.8948 6.7902,11.4028 6.1632,11.4028 L6.1632,11.4028 L5.0992,11.4028 C4.4722,11.4028 3.9632,10.8948 3.9632,10.2678 C3.9632,9.6408 4.4722,9.1318 5.0992,9.1318 L5.0992,9.1318 Z M16.6304,2.2715 L7.3704,2.2715 L7.3704,4.6845 L16.6304,4.6845 L16.6304,2.2715 Z\"><\/path><\/g><\/g><\/g><\/svg><\/span> Rezept drucken<\/a>\n\t\n    \n<\/div>\n<div class=\"wprm-spacer\" style=\"height: 20px;\"><\/div>\n<div class=\"wprm-icon-shortcode wprm-icon-shortcode-separate wprm-align-center wprm-icon-decoration-line\" style=\"font-size: 24px;height: 24px;\"><div class=\"wprm-decoration-line\" style=\"border-color: #e0e0e0;\"><\/div><span class=\"wprm-recipe-icon\" aria-hidden=\"true\"><svg width=\"16px\" height=\"16px\" viewBox=\"0 0 24 24\" version=\"1.1\" xmlns=\"http:\/\/www.w3.org\/2000\/svg\" xmlns:xlink=\"http:\/\/www.w3.org\/1999\/xlink\"><g stroke=\"none\" stroke-width=\"1\" fill=\"none\" fill-rule=\"evenodd\"><g fill=\"#9e9e9e\"><g><path d=\"M12,0 C18.627,0 24,4.373 24,11 C24,19.406 18.646,24 18.646,24 L18.646,24 L5.354,24 C5.354,24 0,19.406 0,11 C0,4.373 5.373,0 12,0 Z M12,2 C6.206,2 2,5.785 2,11 C2,16.956 4.962,20.716 6.168,22 L6.168,22 L17.832,22 C19.032,20.724 22,16.962 22,11 C22,5.785 17.794,2 12,2 Z M15.4175,17.7983 C15.9697847,17.7983 16.4175,18.2460153 16.4175,18.7983 C16.4175,19.3111358 16.0314598,19.7338072 15.5341211,19.7915723 L15.4175,19.7983 L8.5825,19.7983 C8.03021525,19.7983 7.5825,19.3505847 7.5825,18.7983 C7.5825,18.2854642 7.96854019,17.8627928 8.46587887,17.8050277 L8.5825,17.7983 L15.4175,17.7983 Z M12,4.2544 C15.173,4.2544 17.746,6.8264 17.746,10.0004 C17.746,13.1734 15.173,15.7454 12,15.7454 C8.827,15.7454 6.254,13.1734 6.254,10.0004 C6.254,6.8264 8.827,4.2544 12,4.2544 Z M10.9999773,6.38993761 C9.41864646,6.82850486 8.254,8.28073633 8.254,10.0004 C8.254,12.0654 9.935,13.7454 12,13.7454 C14.065,13.7454 15.746,12.0654 15.746,10.0004 C15.746,8.28110051 14.5818468,6.82911997 13.0010273,6.39021638 L13,9.2962 C13,9.84848475 12.5522847,10.2962 12,10.2962 C11.4871642,10.2962 11.0644928,9.91015981 11.0067277,9.41282113 L11,9.2962 Z\"><\/path><\/g><\/g><\/g><\/svg><\/span> <div class=\"wprm-decoration-line\" style=\"border-color: #e0e0e0;\"><\/div><\/div>\n<div class=\"wprm-recipe-meta-container wprm-recipe-times-container wprm-recipe-details-container wprm-recipe-details-container-table wprm-block-text-normal wprm-recipe-table-borders-none wprm-recipe-table-borders-inside\" style=\"border-width: 0;border-style: dotted;border-color: #666666;\"><div class=\"wprm-recipe-block-container wprm-recipe-block-container-table wprm-block-text-normal wprm-recipe-time-container wprm-recipe-prep-time-container\" style=\"border-width: 0;border-style: dotted;border-color: #666666;\"><span class=\"wprm-recipe-details-label wprm-block-text-uppercase-faded wprm-recipe-time-label wprm-recipe-prep-time-label\">Vorbereitungszeit <\/span><span class=\"wprm-recipe-time wprm-block-text-normal\"><span class=\"wprm-recipe-details wprm-recipe-details-minutes wprm-recipe-prep_time wprm-recipe-prep_time-minutes\">30<span class=\"sr-only screen-reader-text wprm-screen-reader-text\"> Minuten<\/span><\/span> <span class=\"wprm-recipe-details-unit wprm-recipe-details-minutes wprm-recipe-prep_time-unit wprm-recipe-prep_timeunit-minutes\" aria-hidden=\"true\">Min.<\/span><\/span><\/div><div class=\"wprm-recipe-block-container wprm-recipe-block-container-table wprm-block-text-normal wprm-recipe-time-container wprm-recipe-cook-time-container\" style=\"border-width: 0;border-style: dotted;border-color: #666666;\"><span class=\"wprm-recipe-details-label wprm-block-text-uppercase-faded wprm-recipe-time-label wprm-recipe-cook-time-label\">Zubereitungszeit <\/span><span class=\"wprm-recipe-time wprm-block-text-normal\"><span class=\"wprm-recipe-details wprm-recipe-details-minutes wprm-recipe-cook_time wprm-recipe-cook_time-minutes\">5<span class=\"sr-only screen-reader-text wprm-screen-reader-text\"> Minuten<\/span><\/span> <span class=\"wprm-recipe-details-unit wprm-recipe-details-minutes wprm-recipe-cook_time-unit wprm-recipe-cook_timeunit-minutes\" aria-hidden=\"true\">Min.<\/span><\/span><\/div><div class=\"wprm-recipe-block-container wprm-recipe-block-container-table wprm-block-text-normal wprm-recipe-time-container wprm-recipe-total-time-container\" style=\"border-width: 0;border-style: dotted;border-color: #666666;\"><span class=\"wprm-recipe-details-label wprm-block-text-uppercase-faded wprm-recipe-time-label wprm-recipe-total-time-label\">Gesamtzeit <\/span><span class=\"wprm-recipe-time wprm-block-text-normal\"><span class=\"wprm-recipe-details wprm-recipe-details-hours wprm-recipe-total_time wprm-recipe-total_time-hours\">1<span class=\"sr-only screen-reader-text wprm-screen-reader-text\"> Stunde<\/span><\/span> <span class=\"wprm-recipe-details-unit wprm-recipe-details-unit-hours wprm-recipe-total_time-unit wprm-recipe-total_timeunit-hours\" aria-hidden=\"true\">Std.<\/span> <span class=\"wprm-recipe-details wprm-recipe-details-minutes wprm-recipe-total_time wprm-recipe-total_time-minutes\">35<span class=\"sr-only screen-reader-text wprm-screen-reader-text\"> Minuten<\/span><\/span> <span class=\"wprm-recipe-details-unit wprm-recipe-details-minutes wprm-recipe-total_time-unit wprm-recipe-total_timeunit-minutes\" aria-hidden=\"true\">Min.<\/span><\/span><\/div><\/div>\n<div class=\"wprm-spacer\"><\/div>\n<div class=\"wprm-container-columns-spaced\">\n\t<div>\n    \t<div class=\"wprm-icon-shortcode wprm-icon-shortcode-separate wprm-align-center wprm-icon-decoration-line\" style=\"font-size: 24px;height: 24px;\"><div class=\"wprm-decoration-line\" style=\"border-color: #e0e0e0;\"><\/div><span class=\"wprm-recipe-icon\" aria-hidden=\"true\"><svg width=\"16px\" height=\"16px\" viewBox=\"0 0 24 24\" version=\"1.1\" xmlns=\"http:\/\/www.w3.org\/2000\/svg\" xmlns:xlink=\"http:\/\/www.w3.org\/1999\/xlink\"><g stroke=\"none\" stroke-width=\"1\" fill=\"none\" fill-rule=\"evenodd\"><g fill=\"#9e9e9e\"><path d=\"M19.5441,12.0586 L17.8411,12.3146 L17.8411,14.0376 L17.8411,17.8606 L6.1591,17.8606 L6.1591,14.0376 L6.1591,12.3146 L4.4561,12.0586 C3.0331,11.8446 2.0001,10.6536 2.0001,9.2246 C2.0001,7.6626 3.2471,6.3876 4.7971,6.3406 C4.8651,6.3486 4.9351,6.3556 5.0051,6.3576 L6.3221,6.4136 L6.8931,5.2246 C7.8481,3.2356 9.8051,1.9996 12.0001,1.9996 C14.1951,1.9996 16.1521,3.2356 17.1071,5.2246 L17.6781,6.4136 L18.9951,6.3576 C19.0641,6.3556 19.1321,6.3486 19.2021,6.3406 C20.7531,6.3866 22.0001,7.6626 22.0001,9.2246 C22.0001,10.6536 20.9671,11.8446 19.5441,12.0586 L19.5441,12.0586 Z M6.1591,22.0006 L17.8411,22.0006 L17.8411,19.8606 L6.1591,19.8606 L6.1591,22.0006 Z M19.1141,4.3386 C19.0451,4.3386 18.9801,4.3566 18.9101,4.3596 C17.6741,1.7836 15.0491,-0.0004 12.0001,-0.0004 C8.9511,-0.0004 6.3261,1.7836 5.0901,4.3596 C5.0211,4.3566 4.9551,4.3386 4.8861,4.3386 C2.1881,4.3386 0.0001,6.5266 0.0001,9.2246 C0.0001,11.6736 1.8081,13.6836 4.1591,14.0376 L4.1591,22.3756 C4.1591,23.2696 4.8901,23.9996 5.7831,23.9996 L18.2171,23.9996 C19.1101,23.9996 19.8411,23.2696 19.8411,22.3756 L19.8411,14.0376 C22.1911,13.6836 24.0001,11.6736 24.0001,9.2246 C24.0001,6.5266 21.8131,4.3386 19.1141,4.3386 L19.1141,4.3386 Z\" id=\"Fill-1\"><\/path><\/g><\/g><\/svg><\/span> <div class=\"wprm-decoration-line\" style=\"border-color: #e0e0e0;\"><\/div><\/div>\n\t\t<div class=\"wprm-recipe-meta-container wprm-recipe-custom-container wprm-recipe-details-container wprm-recipe-details-container-table wprm-block-text-normal wprm-recipe-table-borders-none wprm-recipe-table-borders-inside\" style=\"border-width: 0;border-style: dotted;border-color: #666666;\"><div class=\"wprm-recipe-block-container wprm-recipe-block-container-table wprm-block-text-normal wprm-recipe-tag-container wprm-recipe-course-container\" style=\"border-width: 0;border-style: dotted;border-color: #666666;\"><span class=\"wprm-recipe-details-label wprm-block-text-uppercase-faded wprm-recipe-tag-label wprm-recipe-course-label\">Gericht <\/span><span class=\"wprm-recipe-course wprm-block-text-normal\">Fr\u00fchst\u00fcck<\/span><\/div><\/div>\n    <\/div>\n    <div>\n        <div class=\"wprm-icon-shortcode wprm-icon-shortcode-separate wprm-align-center wprm-icon-decoration-line\" style=\"font-size: 24px;height: 24px;\"><div class=\"wprm-decoration-line\" style=\"border-color: #e0e0e0;\"><\/div><span class=\"wprm-recipe-icon\" aria-hidden=\"true\"><svg width=\"16px\" height=\"16px\" viewBox=\"0 0 24 24\" version=\"1.1\" xmlns=\"http:\/\/www.w3.org\/2000\/svg\" xmlns:xlink=\"http:\/\/www.w3.org\/1999\/xlink\"><g stroke=\"none\" stroke-width=\"1\" fill=\"none\" fill-rule=\"evenodd\"><g fill=\"#9e9e9e\"><path d=\"M15.9199,4.9443 L18.1399,2.7243 C18.5509,2.3133 19.0909,2.1083 19.6299,2.1083 C20.1699,2.1083 20.7099,2.3133 21.1209,2.7243 C21.9429,3.5473 21.9419,4.8843 21.1209,5.7073 L18.9019,7.9253 C18.0799,8.7483 16.7419,8.7483 15.9199,7.9253 C15.0979,7.1033 15.0979,5.7663 15.9199,4.9443 M23.5529,22.1383 L13.3369,11.9233 L15.3109,9.9493 C15.9559,10.3353 16.6809,10.5413 17.4109,10.5413 C18.4629,10.5413 19.5159,10.1403 20.3159,9.3403 L22.5349,7.1213 C24.1369,5.5183 24.1369,2.9123 22.5349,1.3103 C21.7599,0.5343 20.7279,0.1073 19.6299,0.1073 C18.5329,0.1073 17.5019,0.5343 16.7259,1.3103 L14.5059,3.5303 C13.7299,4.3063 13.3029,5.3383 13.3029,6.4343 C13.3029,7.1883 13.5179,7.9053 13.8959,8.5363 L11.9229,10.5083 L9.9489,8.5353 C10.8909,6.9593 10.6959,4.8863 9.3399,3.5303 L6.1039,0.2933 C5.7129,-0.0977 5.0799,-0.0977 4.6899,0.2933 C4.2989,0.6833 4.2989,1.3163 4.6899,1.7073 L7.9259,4.9443 C8.4909,5.5093 8.6579,6.3153 8.4459,7.0323 L3.6539,2.2403 C3.2639,1.8493 2.6309,1.8493 2.2399,2.2403 C1.8499,2.6313 1.8499,3.2633 2.2399,3.6543 L7.0319,8.4463 C6.3149,8.6583 5.5089,8.4913 4.9429,7.9253 L1.7069,4.6893 C1.3159,4.2983 0.6839,4.2983 0.2929,4.6893 C-0.0981,5.0803 -0.0981,5.7133 0.2929,6.1033 L3.5289,9.3403 C4.3309,10.1403 5.3829,10.5413 6.4349,10.5413 C7.1649,10.5413 7.8899,10.3353 8.5349,9.9493 L10.5089,11.9233 L0.2929,22.1383 C-0.0981,22.5293 -0.0981,23.1623 0.2929,23.5523 C0.4879,23.7483 0.7439,23.8453 0.9999,23.8453 C1.2559,23.8453 1.5119,23.7483 1.7069,23.5523 L11.9229,13.3373 L22.1389,23.5523 C22.3339,23.7483 22.5899,23.8453 22.8459,23.8453 C23.1019,23.8453 23.3569,23.7483 23.5529,23.5523 C23.9429,23.1623 23.9429,22.5293 23.5529,22.1383\"><\/path><\/g><\/g><\/svg><\/span> <div class=\"wprm-decoration-line\" style=\"border-color: #e0e0e0;\"><\/div><\/div>\n\t\t<div class=\"wprm-recipe-meta-container wprm-recipe-custom-container wprm-recipe-details-container wprm-recipe-details-container-table wprm-block-text-normal wprm-recipe-table-borders-none wprm-recipe-table-borders-inside\" style=\"border-width: 0;border-style: dotted;border-color: #666666;\"><div class=\"wprm-recipe-block-container wprm-recipe-block-container-table wprm-block-text-normal wprm-recipe-servings-container\" style=\"border-width: 0;border-style: dotted;border-color: #666666;\"><span class=\"wprm-recipe-details-label wprm-block-text-uppercase-faded wprm-recipe-servings-label\">Portionen <\/span><span class=\"wprm-recipe-servings-with-unit\"><span class=\"wprm-recipe-servings wprm-recipe-details wprm-block-text-normal\">4<\/span> <span class=\"wprm-recipe-servings-unit wprm-recipe-details-unit wprm-block-text-normal\">2.5 dl Gl\u00e4ser<\/span><\/span><\/div><\/div>\n    <\/div>\n<\/div>\n\n<div id=\"recipe-202-ingredients\" class=\"wprm-recipe-ingredients-container wprm-recipe-202-ingredients-container wprm-block-text-normal wprm-ingredient-style-regular wprm-recipe-images-before\" data-recipe=\"202\" data-servings=\"4\"><h3 class=\"wprm-recipe-header wprm-recipe-ingredients-header wprm-block-text-uppercase wprm-align-left wprm-header-decoration-line wprm-header-has-actions wprm-header-has-actions\" style=\"\">Zutaten<div class=\"wprm-decoration-line\" style=\"border-color: #e0e0e0;\"><\/div>&nbsp;&nbsp;<\/h3><div class=\"wprm-recipe-ingredient-group\"><ul class=\"wprm-recipe-ingredients\"><li class=\"wprm-recipe-ingredient\" style=\"list-style-type: disc;\" data-uid=\"-1\"><span class=\"wprm-recipe-ingredient-amount\">400<\/span>&#32;<span class=\"wprm-recipe-ingredient-unit\">g<\/span>&#32;<span class=\"wprm-recipe-ingredient-name\">Erdbeeren<\/span><\/li><li class=\"wprm-recipe-ingredient\" style=\"list-style-type: disc;\" data-uid=\"-1\"><span class=\"wprm-recipe-ingredient-amount\">600<\/span>&#32;<span class=\"wprm-recipe-ingredient-unit\">g<\/span>&#32;<span class=\"wprm-recipe-ingredient-name\">Rhabarber<\/span><\/li><li class=\"wprm-recipe-ingredient\" style=\"list-style-type: disc;\" data-uid=\"-1\"><span class=\"wprm-recipe-ingredient-amount\">1000<\/span>&#32;<span class=\"wprm-recipe-ingredient-unit\">g<\/span>&#32;<span class=\"wprm-recipe-ingredient-name\">Gelierzucker 1:1<\/span><\/li><li class=\"wprm-recipe-ingredient\" style=\"list-style-type: disc;\" data-uid=\"-1\"><span class=\"wprm-recipe-ingredient-amount\">0.5<\/span>&#32;<span class=\"wprm-recipe-ingredient-unit\">Zitrone<\/span>&#32;<span class=\"wprm-recipe-ingredient-name\">Zitronensaft<\/span><\/li><li class=\"wprm-recipe-ingredient\" style=\"list-style-type: disc;\" data-uid=\"-1\"><span class=\"wprm-recipe-ingredient-amount\">2<\/span>&#32;<span class=\"wprm-recipe-ingredient-unit\">dl<\/span>&#32;<span class=\"wprm-recipe-ingredient-name\">Holunderbl\u00fctensirup<\/span><\/li><\/ul><\/div><\/div>\n<div id=\"recipe-202-instructions\" class=\"wprm-recipe-instructions-container wprm-recipe-202-instructions-container wprm-block-text-normal\" data-recipe=\"202\"><h3 class=\"wprm-recipe-header wprm-recipe-instructions-header wprm-block-text-uppercase wprm-align-left wprm-header-decoration-line wprm-header-has-actions\" style=\"\">Anleitungen<div class=\"wprm-decoration-line\" style=\"border-color: #e0e0e0;\"><\/div>&nbsp;<\/h3><div class=\"wprm-recipe-instruction-group\"><ul class=\"wprm-recipe-instructions\"><li id=\"wprm-recipe-202-step-0-0\" class=\"wprm-recipe-instruction\" style=\"list-style-type: decimal;\"><div class=\"wprm-recipe-instruction-text\" style=\"margin-bottom: 5px;\">Den Rhabarber waschen und z\u00e4he Fasern abziehen. Die St\u00e4ngel in d\u00fcnne Scheiben schneiden. Die Erdbeeren waschen, r\u00fcsten und die Beeren klein w\u00fcrfeln.<\/div><\/li><li id=\"wprm-recipe-202-step-0-1\" class=\"wprm-recipe-instruction\" style=\"list-style-type: decimal;\"><div class=\"wprm-recipe-instruction-text\" style=\"margin-bottom: 5px;\">In einer hohen, weiten Pfanne die Erdbeeren und den Rhabarber mit dem Gelierzucker mischen. Etwa 1 Stunde stehen lassen, bis sich Saft gebildet hat. Ab und zu umr\u00fchren, dann l\u00f6st sich der Zucker besser auf.<\/div><\/li><li id=\"wprm-recipe-202-step-0-2\" class=\"wprm-recipe-instruction\" style=\"list-style-type: decimal;\"><div class=\"wprm-recipe-instruction-text\" style=\"margin-bottom: 5px;\">Die Gl\u00e4ser mit kochend heissem Wasser aussp\u00fclen und kopf\u00fcber auf einem frischen K\u00fcchentuch abtropfen lassen.<\/div><\/li><li id=\"wprm-recipe-202-step-0-3\" class=\"wprm-recipe-instruction\" style=\"list-style-type: decimal;\"><div class=\"wprm-recipe-instruction-text\" style=\"margin-bottom: 5px;\">Den Zitronensaft und den Sirup unter die Fr\u00fcchte mischen und alles unter st\u00e4ndigem R\u00fchren zum Kochen bringen. Die Fr\u00fcchte ungedeckt unter R\u00fchren 3\u20134 Minuten kochen lassen. Den Schaum mit einem L\u00f6ffel entfernen. Die Gelierprobe machen: 1 Teel\u00f6ffel Konfit\u00fcre auf einen k\u00fchlen Teller geben. Wird sie rasch fest, ist sie ausreichend gekocht.<\/div><\/li><li id=\"wprm-recipe-202-step-0-4\" class=\"wprm-recipe-instruction\" style=\"list-style-type: decimal;\"><div class=\"wprm-recipe-instruction-text\" style=\"margin-bottom: 5px;\">Die Konfit\u00fcre kochend heiss in die vorbereiteten Gl\u00e4ser f\u00fcllen. Die Gl\u00e4ser sofort verschliessen und kurz auf den Kopf stellen. Wieder umdrehen und die Konfi t\u00fcre ausk\u00fchlen lassen. Die Konfit\u00fcre ist etwa 12 Monate haltbar.<\/div><\/li><\/ul><\/div><\/div>\n<div id=\"recipe-video\"><\/div>\n<div id=\"recipe-202-notes\" class=\"wprm-recipe-notes-container wprm-block-text-normal\"><h3 class=\"wprm-recipe-header wprm-recipe-notes-header wprm-block-text-uppercase wprm-align-left wprm-header-decoration-line\" style=\"\">Notizen<div class=\"wprm-decoration-line\" style=\"border-color: #e0e0e0;\"><\/div><\/h3><div class=\"wprm-recipe-notes\"><span style=\"display: block;\">Holunderbl\u00fctensirup gibt der Konfit\u00fcre ein feines Aroma und tr\u00e4gt auch zur S\u00fcsse bei. Deshalb ist gew\u00f6hnlicher Gelierzucker zur Zubereitung dieser Konfit\u00fcre nicht geeignet, sie w\u00fcrde zu s\u00fcss. Wir haben f\u00fcr die Zubereitung Gelierzucker 2:1 genommen. M\u00f6glich ist aber auch ein anderes Geliermittel wie zum Beispiel (Bio) Confi-Vite, das haupts\u00e4chlich aus Apfelpektin besteht. Falls Sie die Konfit\u00fcre zubereiten, wenn der Holunder gerade bl\u00fcht: Unbedingt pfl\u00fccken, kurz kalt absp\u00fclen und trocken sch\u00fctteln. Die kleinen Bl\u00fcten abzupfen und unmittelbar vor dem Einf\u00fcllen unter die fertig gekochte Konfit\u00fcre mischen.<\/span><\/div><\/div>\n\n<div class=\"wprm-spacer\" style=\"height: 20px;\"><\/div>\n<div class=\"wprm-icon-shortcode wprm-icon-shortcode-separate wprm-align-center wprm-icon-decoration-line\" style=\"font-size: 24px;height: 24px;\"><div class=\"wprm-decoration-line\" style=\"border-color: #e0e0e0;\"><\/div><span class=\"wprm-recipe-icon\" aria-hidden=\"true\"><svg width=\"16px\" height=\"16px\" viewBox=\"0 0 24 24\" version=\"1.1\" xmlns=\"http:\/\/www.w3.org\/2000\/svg\" xmlns:xlink=\"http:\/\/www.w3.org\/1999\/xlink\"><g id=\"Icons\" stroke=\"none\" stroke-width=\"1\" fill=\"none\" fill-rule=\"evenodd\"><g fill=\"#9e9e9e\"><path d=\"M9.0039,16.0079 C5.1419,16.0079 1.9999,12.8659 1.9999,9.0039 C1.9999,5.1419 5.1419,1.9999 9.0039,1.9999 C12.8659,1.9999 16.0079,5.1419 16.0079,9.0039 C16.0079,12.8659 12.8659,16.0079 9.0039,16.0079 M23.6209,22.2069 L16.1439,14.7299 C16.1059,14.6919 16.0579,14.6759 16.0159,14.6449 C17.2599,13.1009 18.0079,11.1409 18.0079,9.0039 C18.0079,4.0309 13.9769,-0.0001 9.0039,-0.0001 C4.0309,-0.0001 -0.0001,4.0309 -0.0001,9.0039 C-0.0001,13.9769 4.0309,18.0079 9.0039,18.0079 C11.1409,18.0079 13.1009,17.2599 14.6449,16.0169 C14.6749,16.0579 14.6919,16.1059 14.7299,16.1439 L22.2069,23.6209 C22.4019,23.8169 22.6579,23.9139 22.9139,23.9139 C23.1699,23.9139 23.4259,23.8169 23.6209,23.6209 C24.0119,23.2309 24.0119,22.5979 23.6209,22.2069\"><\/path><\/g><\/g><\/svg><\/span> <div class=\"wprm-decoration-line\" style=\"border-color: #e0e0e0;\"><\/div><\/div>\n<div class=\"wprm-recipe-meta-container wprm-recipe-custom-container wprm-recipe-details-container wprm-recipe-details-container-table wprm-block-text-normal wprm-recipe-table-borders-none wprm-recipe-table-borders-inside\" style=\"border-width: 0;border-style: dotted;border-color: #666666;\"><div class=\"wprm-recipe-block-container wprm-recipe-block-container-table wprm-block-text-normal wprm-recipe-tag-container wprm-recipe-keyword-container\" style=\"border-width: 0;border-style: dotted;border-color: #666666;\"><span class=\"wprm-recipe-details-label wprm-block-text-uppercase-faded wprm-recipe-tag-label wprm-recipe-keyword-label\">Keyword <\/span><span class=\"wprm-recipe-keyword wprm-block-text-normal\">Einmachen<\/span><\/div><\/div>\n<div class=\"wprm-spacer\"><\/div>\n<\/div><\/div>\n\n\n\n<p>Viel Spass beim Nachkochen<\/p>\n\n\n\n<div class=\"wp-block-group\"><div class=\"wp-block-group__inner-container is-layout-flow wp-block-group-is-layout-flow\">\n<div class=\"wp-block-columns is-layout-flex wp-container-core-columns-is-layout-9d6595d7 wp-block-columns-is-layout-flex\">\n<div class=\"wp-block-column is-layout-flow wp-block-column-is-layout-flow\" style=\"flex-basis:100%\">\n<p><\/p>\n<\/div>\n<\/div>\n\n\n\n<p>Weitere Rezepte:<\/p>\n\n\n\n<div class=\"wp-block-columns are-vertically-aligned-center is-layout-flex wp-container-core-columns-is-layout-9d6595d7 wp-block-columns-is-layout-flex\">\n<div class=\"wp-block-column is-layout-flow wp-block-column-is-layout-flow\"><ul class=\"wp-block-categories-list wp-block-categories\">\t<li class=\"cat-item cat-item-15\"><a href=\"https:\/\/rezepte.ischsuper.ch\/?cat=15\">Backen<\/a>\n<\/li>\n\t<li class=\"cat-item cat-item-239\"><a href=\"https:\/\/rezepte.ischsuper.ch\/?cat=239\">Beilage<\/a>\n<\/li>\n\t<li class=\"cat-item cat-item-36\"><a href=\"https:\/\/rezepte.ischsuper.ch\/?cat=36\">Fr\u00fchst\u00fcck<\/a>\n<\/li>\n\t<li class=\"cat-item cat-item-98\"><a href=\"https:\/\/rezepte.ischsuper.ch\/?cat=98\">Grillieren<\/a>\n<\/li>\n\t<li class=\"cat-item cat-item-238\"><a href=\"https:\/\/rezepte.ischsuper.ch\/?cat=238\">Hauptspeise<\/a>\n<\/li>\n\t<li class=\"cat-item cat-item-17\"><a href=\"https:\/\/rezepte.ischsuper.ch\/?cat=17\">Kekse<\/a>\n<\/li>\n\t<li class=\"cat-item cat-item-56\"><a href=\"https:\/\/rezepte.ischsuper.ch\/?cat=56\">Kuchen \/ Cake<\/a>\n<\/li>\n\t<li class=\"cat-item cat-item-1\"><a href=\"https:\/\/rezepte.ischsuper.ch\/?cat=1\">Uncategorized<\/a>\n<\/li>\n<\/ul><\/div>\n\n\n\n<div class=\"wp-block-column is-layout-flow wp-block-column-is-layout-flow\"><ul class=\"wp-block-latest-posts__list wp-block-latest-posts\"><li><a class=\"wp-block-latest-posts__post-title\" href=\"https:\/\/rezepte.ischsuper.ch\/?p=367\">traditioneller irischer Rindfleischeintopf<\/a><\/li>\n<li><a class=\"wp-block-latest-posts__post-title\" href=\"https:\/\/rezepte.ischsuper.ch\/?p=355\">Festliche Filet-P\u00e4ckli<\/a><\/li>\n<li><a class=\"wp-block-latest-posts__post-title\" href=\"https:\/\/rezepte.ischsuper.ch\/?p=348\">Leckere &#8222;M\u00fcesli&#8220; Variationen<\/a><\/li>\n<li><a class=\"wp-block-latest-posts__post-title\" href=\"https:\/\/rezepte.ischsuper.ch\/?p=322\">Zu viel Kaffeerahm?<\/a><\/li>\n<li><a class=\"wp-block-latest-posts__post-title\" href=\"https:\/\/rezepte.ischsuper.ch\/?p=316\">Herbstliche s\u00fcss \/ sauer Zucchini eingemacht mit Curry<\/a><\/li>\n<\/ul><\/div>\n<\/div>\n<\/div><\/div>\n","protected":false},"excerpt":{"rendered":"<p>Auf dieser Seite wird immer ein Zuf\u00e4lliges Rezept angezeigt. Doch nicht das richtige? Lade einfach die Seite neu um ein anderes Rezept anzeigen zu lassen. Viel Spass beim Nachkochen Weitere Rezepte:<\/p>\n","protected":false},"author":2,"featured_media":0,"parent":0,"menu_order":0,"comment_status":"closed","ping_status":"closed","template":"","meta":{"wprm-recipe-roundup-name":"","wprm-recipe-roundup-description":"","wpupg_custom_link":[],"wpupg_custom_link_behaviour":[],"wpupg_custom_link_nofollow":[],"wpupg_custom_image":[],"wpupg_custom_image_id":[],"footnotes":""},"class_list":["post-139","page","type-page","status-publish","hentry"],"_links":{"self":[{"href":"https:\/\/rezepte.ischsuper.ch\/index.php?rest_route=\/wp\/v2\/pages\/139","targetHints":{"allow":["GET"]}}],"collection":[{"href":"https:\/\/rezepte.ischsuper.ch\/index.php?rest_route=\/wp\/v2\/pages"}],"about":[{"href":"https:\/\/rezepte.ischsuper.ch\/index.php?rest_route=\/wp\/v2\/types\/page"}],"author":[{"embeddable":true,"href":"https:\/\/rezepte.ischsuper.ch\/index.php?rest_route=\/wp\/v2\/users\/2"}],"replies":[{"embeddable":true,"href":"https:\/\/rezepte.ischsuper.ch\/index.php?rest_route=%2Fwp%2Fv2%2Fcomments&post=139"}],"version-history":[{"count":8,"href":"https:\/\/rezepte.ischsuper.ch\/index.php?rest_route=\/wp\/v2\/pages\/139\/revisions"}],"predecessor-version":[{"id":219,"href":"https:\/\/rezepte.ischsuper.ch\/index.php?rest_route=\/wp\/v2\/pages\/139\/revisions\/219"}],"wp:attachment":[{"href":"https:\/\/rezepte.ischsuper.ch\/index.php?rest_route=%2Fwp%2Fv2%2Fmedia&parent=139"}],"curies":[{"name":"wp","href":"https:\/\/api.w.org\/{rel}","templated":true}]}}