{"id":217,"date":"2021-05-16T20:20:02","date_gmt":"2021-05-16T20:20:02","guid":{"rendered":"https:\/\/rezepte.ischsuper.ch\/?page_id=217"},"modified":"2021-05-16T20:20:02","modified_gmt":"2021-05-16T20:20:02","slug":"rezeptarchiv","status":"publish","type":"page","link":"https:\/\/rezepte.ischsuper.ch\/?page_id=217","title":{"rendered":"Rezeptarchiv"},"content":{"rendered":"\n\n\n<p class=\"has-drop-cap\"><\/p>\n\n\n<div id=\"wpupg-grid-with-filters-rezepte\" class=\"wpupg-grid-with-filters\"><div id=\"wpupg-grid-rezepte-filters\" class=\"wpupg-grid-filters wpupg-grid-filters-display-block\"><div id=\"wpupg-grid-rezepte-filter-1-container\" class=\"wpupg-filter-container wpupg-filter-container-label-block\"><div id=\"wpupg-grid-rezepte-filter-1-label\" class=\"wpupg-filter-label wpupg-filter-label-bold wpupg-filter-label-align-left\">Suche Rezept<\/div><style>#wpupg-grid-rezepte-filter-1-label {font-size: 14px;}<\/style><div id=\"wpupg-grid-rezepte-filter-1\" class=\"wpupg-filter wpupg-filter-isotope\"><style>#wpupg-grid-rezepte-filter-1 {text-align: left;margin: 0 -5px;}#wpupg-grid-rezepte-filter-1 .wpupg-filter-item {border: 1px solid #1C3148;background-color: #2E5077;color: #FFFFFF;font-size: 14px;margin: 5px 5px;padding: 5px 10px;}#wpupg-grid-rezepte-filter-1 .wpupg-filter-item.active {border-color: #1C3148;background-color: #1C3148;color: #FFFFFF;}#wpupg-grid-rezepte-filter-1 .wpupg-filter-item:focus {outline: none;border-color: #1C3148;background-color: #1C3148;color: #FFFFFF;}@media (hover: hover) and (pointer: fine) {#wpupg-grid-rezepte-filter-1 .wpupg-filter-item:hover {outline: none;border-color: #1C3148;background-color: #1C3148;color: #FFFFFF;}}<\/style><div class=\"wpupg-filter-item wpupg-filter-isotope-term wpupg-filter-isotope-all wpupg-filter-tag- active\" role=\"button\" tabindex=\"0\">All<\/div><div class=\"wpupg-filter-item wpupg-filter-isotope-term wpupg-filter-isotope-term-wprm_course wpupg-filter-tag-beilage\" data-taxonomy=\"wprm_course\" data-terms=\"beilage\" role=\"button\" tabindex=\"0\">Beilage<\/div><div class=\"wpupg-filter-item wpupg-filter-isotope-term wpupg-filter-isotope-term-wprm_course wpupg-filter-tag-dessert\" data-taxonomy=\"wprm_course\" data-terms=\"dessert\" role=\"button\" tabindex=\"0\">Dessert<\/div><div class=\"wpupg-filter-item wpupg-filter-isotope-term wpupg-filter-isotope-term-wprm_course wpupg-filter-tag-fruehstueck\" data-taxonomy=\"wprm_course\" data-terms=\"fruehstueck\" role=\"button\" tabindex=\"0\">Fr\u00fchst\u00fcck<\/div><div class=\"wpupg-filter-item wpupg-filter-isotope-term wpupg-filter-isotope-term-wprm_course wpupg-filter-tag-hauptspeise\" data-taxonomy=\"wprm_course\" data-terms=\"hauptspeise\" role=\"button\" tabindex=\"0\">Hauptspeise<\/div><div class=\"wpupg-filter-item wpupg-filter-isotope-term wpupg-filter-isotope-term-wprm_course wpupg-filter-tag-kleinigkeit\" data-taxonomy=\"wprm_course\" data-terms=\"kleinigkeit\" role=\"button\" tabindex=\"0\">Kleinigkeit<\/div><div class=\"wpupg-filter-item wpupg-filter-isotope-term wpupg-filter-isotope-term-wprm_course wpupg-filter-tag-nachspeise\" data-taxonomy=\"wprm_course\" data-terms=\"nachspeise\" role=\"button\" tabindex=\"0\">Nachspeise<\/div><div class=\"wpupg-filter-item wpupg-filter-isotope-term wpupg-filter-isotope-term-wprm_course wpupg-filter-tag-suppe\" data-taxonomy=\"wprm_course\" data-terms=\"suppe\" role=\"button\" tabindex=\"0\">Suppe<\/div><\/div><\/div><div id=\"wpupg-grid-rezepte-filter-2-container\" class=\"wpupg-filter-container wpupg-filter-container-label-block\"><div id=\"wpupg-grid-rezepte-filter-2\" class=\"wpupg-filter wpupg-filter-isotope\"><style>#wpupg-grid-rezepte-filter-2 {text-align: left;margin: 0 -5px;}#wpupg-grid-rezepte-filter-2 .wpupg-filter-item {border: 1px solid #1C3148;background-color: #2E5077;color: #FFFFFF;font-size: 14px;margin: 5px 5px;padding: 5px 10px;}#wpupg-grid-rezepte-filter-2 .wpupg-filter-item.active {border-color: #1C3148;background-color: #1C3148;color: #FFFFFF;}#wpupg-grid-rezepte-filter-2 .wpupg-filter-item:focus {outline: none;border-color: #1C3148;background-color: #1C3148;color: #FFFFFF;}@media (hover: hover) and (pointer: fine) {#wpupg-grid-rezepte-filter-2 .wpupg-filter-item:hover {outline: none;border-color: #1C3148;background-color: #1C3148;color: #FFFFFF;}}<\/style><div class=\"wpupg-filter-item wpupg-filter-isotope-term wpupg-filter-isotope-all wpupg-filter-tag- active\" role=\"button\" tabindex=\"0\">All<\/div><div class=\"wpupg-filter-item wpupg-filter-isotope-term wpupg-filter-isotope-term-wprm_keyword wpupg-filter-tag-backen\" data-taxonomy=\"wprm_keyword\" data-terms=\"backen\" role=\"button\" tabindex=\"0\">Backen<\/div><div class=\"wpupg-filter-item wpupg-filter-isotope-term wpupg-filter-isotope-term-wprm_keyword wpupg-filter-tag-einmachen\" data-taxonomy=\"wprm_keyword\" data-terms=\"einmachen\" role=\"button\" tabindex=\"0\">Einmachen<\/div><div class=\"wpupg-filter-item wpupg-filter-isotope-term wpupg-filter-isotope-term-wprm_keyword wpupg-filter-tag-grillieren\" data-taxonomy=\"wprm_keyword\" data-terms=\"grillieren\" role=\"button\" tabindex=\"0\">Grillieren<\/div><div class=\"wpupg-filter-item wpupg-filter-isotope-term wpupg-filter-isotope-term-wprm_keyword wpupg-filter-tag-kochen\" data-taxonomy=\"wprm_keyword\" data-terms=\"kochen\" role=\"button\" tabindex=\"0\">Kochen<\/div><div class=\"wpupg-filter-item wpupg-filter-isotope-term wpupg-filter-isotope-term-wprm_keyword wpupg-filter-tag-nidle\" data-taxonomy=\"wprm_keyword\" data-terms=\"nidle\" role=\"button\" tabindex=\"0\">nidle<\/div><div class=\"wpupg-filter-item wpupg-filter-isotope-term wpupg-filter-isotope-term-wprm_keyword wpupg-filter-tag-traditionell\" data-taxonomy=\"wprm_keyword\" data-terms=\"traditionell\" role=\"button\" tabindex=\"0\">traditionell<\/div><\/div><\/div><\/div><div id=\"wpupg-grid-container-rezepte\" class=\"wpupg-grid-container\"><style>#wpupg-grid-rezepte .wpupg-item { width: calc(25% - 10px); max-width: none; margin: 5px; } #wpupg-grid-rezepte { margin: 0 -5px;}<\/style><div id=\"wpupg-grid-rezepte\" class=\"wpupg-grid wpupg-grid-loading\" data-grid-id=\"254\"><a class=\"wpupg-item wpupg-item-post wpupg-item-244 wpupg-type-wprm_recipe wpupg-item-has-image wpupg-template-simple-with-excerpt wpupg-tax-wprm_course-beilage wpupg-parent-tax-wprm_course-beilage wpupg-tax-wprm_course-hauptspeise wpupg-parent-tax-wprm_course-hauptspeise wpupg-tax-wprm_keyword-kochen wpupg-parent-tax-wprm_keyword-kochen wpupg-item-link\" href=\"https:\/\/rezepte.ischsuper.ch\/?p=248\" target=\"_self\" data-id=\"244\" data-order-default=\"Blumenkohl - Kartoffel - Gratin\"><div class=\"wpupg-item-image wpupg-block-image-normal wpupg-align-center\"><img loading=\"lazy\" decoding=\"async\" style=\"border-width: 0px;border-style: solid;border-color: #666666;\" width=\"500\" height=\"333\" src=\"https:\/\/rezepte.ischsuper.ch\/wp-content\/uploads\/2021\/05\/Gratin.jpg\" class=\"skip-lazy disable-lazyload attachment-500x999 size-500x999\" alt=\"\" srcset=\"https:\/\/rezepte.ischsuper.ch\/wp-content\/uploads\/2021\/05\/Gratin.jpg 884w, https:\/\/rezepte.ischsuper.ch\/wp-content\/uploads\/2021\/05\/Gratin-300x200.jpg 300w, https:\/\/rezepte.ischsuper.ch\/wp-content\/uploads\/2021\/05\/Gratin-768x512.jpg 768w\" sizes=\"auto, 100vw\" \/><\/div>\n<div class=\"wpupg-meta-container\">\n    <div class=\"wpupg-item-title wpupg-block-text-bold\">Blumenkohl &#8211; Kartoffel &#8211; Gratin<\/div>\n    <span class=\"wpupg-item-excerpt wpupg-block-text-normal\"><\/span>\n<\/div><\/a><a class=\"wpupg-item wpupg-item-post wpupg-item-183 wpupg-type-wprm_recipe wpupg-item-no-image wpupg-template-simple-with-excerpt wpupg-tax-wprm_course-fruehstueck wpupg-parent-tax-wprm_course-fruehstueck wpupg-tax-wprm_course-kleinigkeit wpupg-parent-tax-wprm_course-kleinigkeit wpupg-tax-wprm_keyword-kochen wpupg-parent-tax-wprm_keyword-kochen wpupg-item-link\" href=\"https:\/\/rezepte.ischsuper.ch\/?p=110\" target=\"_self\" data-id=\"183\" data-order-default=\"Chockoladen-Porridge mit Datteln\">\n<div class=\"wpupg-meta-container\">\n    <div class=\"wpupg-item-title wpupg-block-text-bold\">Chockoladen-Porridge mit Datteln<\/div>\n    <span class=\"wpupg-item-excerpt wpupg-block-text-normal\"><\/span>\n<\/div><\/a><a class=\"wpupg-item wpupg-item-post wpupg-item-177 wpupg-type-wprm_recipe wpupg-item-no-image wpupg-template-simple-with-excerpt wpupg-tax-wprm_course-beilage wpupg-parent-tax-wprm_course-beilage wpupg-tax-wprm_course-hauptspeise wpupg-parent-tax-wprm_course-hauptspeise wpupg-tax-wprm_keyword-kochen wpupg-parent-tax-wprm_keyword-kochen wpupg-item-link\" href=\"https:\/\/rezepte.ischsuper.ch\/?p=132\" target=\"_self\" data-id=\"177\" data-order-default=\"Coleslaw\">\n<div class=\"wpupg-meta-container\">\n    <div class=\"wpupg-item-title wpupg-block-text-bold\">Coleslaw<\/div>\n    <span class=\"wpupg-item-excerpt wpupg-block-text-normal\"><\/span>\n<\/div><\/a><a class=\"wpupg-item wpupg-item-post wpupg-item-314 wpupg-type-wprm_recipe wpupg-item-no-image wpupg-template-simple-with-excerpt wpupg-tax-wprm_course-beilage wpupg-parent-tax-wprm_course-beilage wpupg-tax-wprm_keyword-einmachen wpupg-parent-tax-wprm_keyword-einmachen wpupg-item-link\" href=\"https:\/\/rezepte.ischsuper.ch\/?p=316\" target=\"_self\" data-id=\"314\" data-order-default=\"Curry Zucchini S\u00fcss\/Sauer\">\n<div class=\"wpupg-meta-container\">\n    <div class=\"wpupg-item-title wpupg-block-text-bold\">Curry Zucchini S\u00fcss\/Sauer<\/div>\n    <span class=\"wpupg-item-excerpt wpupg-block-text-normal\"><\/span>\n<\/div><\/a><a class=\"wpupg-item wpupg-item-post wpupg-item-353 wpupg-type-wprm_recipe wpupg-item-no-image wpupg-template-simple-with-excerpt wpupg-tax-wprm_course-hauptspeise wpupg-parent-tax-wprm_course-hauptspeise wpupg-item-link\" href=\"https:\/\/rezepte.ischsuper.ch\/?p=355\" target=\"_self\" data-id=\"353\" data-order-default=\"Filet P\u00e4ckli\">\n<div class=\"wpupg-meta-container\">\n    <div class=\"wpupg-item-title wpupg-block-text-bold\">Filet P\u00e4ckli<\/div>\n    <span class=\"wpupg-item-excerpt wpupg-block-text-normal\"><\/span>\n<\/div><\/a><a class=\"wpupg-item wpupg-item-post wpupg-item-305 wpupg-type-wprm_recipe wpupg-item-no-image wpupg-template-simple-with-excerpt wpupg-tax-wprm_course-beilage wpupg-parent-tax-wprm_course-beilage wpupg-tax-wprm_course-kleinigkeit wpupg-parent-tax-wprm_course-kleinigkeit wpupg-item-link\" href=\"https:\/\/rezepte.ischsuper.ch\/?p=304\" target=\"_self\" data-id=\"305\" data-order-default=\"Knoblauch in essig eingelegt\">\n<div class=\"wpupg-meta-container\">\n    <div class=\"wpupg-item-title wpupg-block-text-bold\">Knoblauch in essig eingelegt<\/div>\n    <span class=\"wpupg-item-excerpt wpupg-block-text-normal\"><\/span>\n<\/div><\/a><a class=\"wpupg-item wpupg-item-post wpupg-item-329 wpupg-type-wprm_recipe wpupg-item-no-image wpupg-template-simple-with-excerpt wpupg-tax-wprm_course-fruehstueck wpupg-parent-tax-wprm_course-fruehstueck wpupg-tax-wprm_keyword-backen wpupg-parent-tax-wprm_keyword-backen wpupg-item-link\" href=\"https:\/\/rezepte.ischsuper.ch\/?p=348\" target=\"_self\" data-id=\"329\" data-order-default=\"Knusper-M\u00fcsli mit Superk\u00f6rnern (Superseed Granola)\">\n<div class=\"wpupg-meta-container\">\n    <div class=\"wpupg-item-title wpupg-block-text-bold\">Knusper-M\u00fcsli mit Superk\u00f6rnern (Superseed Granola)<\/div>\n    <span class=\"wpupg-item-excerpt wpupg-block-text-normal\"><\/span>\n<\/div><\/a><a class=\"wpupg-item wpupg-item-post wpupg-item-297 wpupg-type-wprm_recipe wpupg-item-no-image wpupg-template-simple-with-excerpt wpupg-tax-wprm_course-hauptspeise wpupg-parent-tax-wprm_course-hauptspeise wpupg-item-link\" href=\"https:\/\/rezepte.ischsuper.ch\/?p=301\" target=\"_self\" data-id=\"297\" data-order-default=\"K\u00fcrbiskuchen (K\u00fcrbisw\u00e4he)\">\n<div class=\"wpupg-meta-container\">\n    <div class=\"wpupg-item-title wpupg-block-text-bold\">K\u00fcrbiskuchen (K\u00fcrbisw\u00e4he)<\/div>\n    <span class=\"wpupg-item-excerpt wpupg-block-text-normal\"><\/span>\n<\/div><\/a><a class=\"wpupg-item wpupg-item-post wpupg-item-211 wpupg-type-wprm_recipe wpupg-item-no-image wpupg-template-simple-with-excerpt wpupg-tax-wprm_course-dessert wpupg-parent-tax-wprm_course-dessert wpupg-tax-wprm_keyword-backen wpupg-parent-tax-wprm_keyword-backen wpupg-item-link\" href=\"https:\/\/rezepte.ischsuper.ch\/?p=11\" target=\"_self\" data-id=\"211\" data-order-default=\"Mail\u00e4nderli\">\n<div class=\"wpupg-meta-container\">\n    <div class=\"wpupg-item-title wpupg-block-text-bold\">Mail\u00e4nderli<\/div>\n    <span class=\"wpupg-item-excerpt wpupg-block-text-normal\"><\/span>\n<\/div><\/a><a class=\"wpupg-item wpupg-item-post wpupg-item-323 wpupg-type-wprm_recipe wpupg-item-no-image wpupg-template-simple-with-excerpt wpupg-tax-wprm_course-kleinigkeit wpupg-parent-tax-wprm_course-kleinigkeit wpupg-tax-wprm_course-dessert wpupg-parent-tax-wprm_course-dessert wpupg-tax-wprm_keyword-traditionell wpupg-parent-tax-wprm_keyword-traditionell wpupg-tax-wprm_keyword-nidle wpupg-parent-tax-wprm_keyword-nidle wpupg-item-link\" href=\"https:\/\/rezepte.ischsuper.ch\/?p=322\" target=\"_self\" data-id=\"323\" data-order-default=\"Nidlet\u00e4feli - mit Kaffeerahm\">\n<div class=\"wpupg-meta-container\">\n    <div class=\"wpupg-item-title wpupg-block-text-bold\">Nidlet\u00e4feli &#8211; mit Kaffeerahm<\/div>\n    <span class=\"wpupg-item-excerpt wpupg-block-text-normal\"><\/span>\n<\/div><\/a><a class=\"wpupg-item wpupg-item-post wpupg-item-189 wpupg-type-wprm_recipe wpupg-item-no-image wpupg-template-simple-with-excerpt wpupg-tax-wprm_course-kleinigkeit wpupg-parent-tax-wprm_course-kleinigkeit wpupg-tax-wprm_keyword-einmachen wpupg-parent-tax-wprm_keyword-einmachen wpupg-item-link\" href=\"https:\/\/rezepte.ischsuper.ch\/?p=88\" target=\"_self\" data-id=\"189\" data-order-default=\"Nuss\/Schoko Brotaufstrich\">\n<div class=\"wpupg-meta-container\">\n    <div class=\"wpupg-item-title wpupg-block-text-bold\">Nuss\/Schoko Brotaufstrich<\/div>\n    <span class=\"wpupg-item-excerpt wpupg-block-text-normal\"><\/span>\n<\/div><\/a><a class=\"wpupg-item wpupg-item-post wpupg-item-180 wpupg-type-wprm_recipe wpupg-item-no-image wpupg-template-simple-with-excerpt wpupg-tax-wprm_course-beilage wpupg-parent-tax-wprm_course-beilage wpupg-tax-wprm_course-kleinigkeit wpupg-parent-tax-wprm_course-kleinigkeit wpupg-tax-wprm_keyword-backen wpupg-parent-tax-wprm_keyword-backen wpupg-item-link\" href=\"https:\/\/rezepte.ischsuper.ch\/?p=126\" target=\"_self\" data-id=\"180\" data-order-default=\"Oliven\u00f6l-Shortbreads\">\n<div class=\"wpupg-meta-container\">\n    <div class=\"wpupg-item-title wpupg-block-text-bold\">Oliven\u00f6l-Shortbreads<\/div>\n    <span class=\"wpupg-item-excerpt wpupg-block-text-normal\"><\/span>\n<\/div><\/a><a class=\"wpupg-item wpupg-item-post wpupg-item-202 wpupg-type-wprm_recipe wpupg-item-no-image wpupg-template-simple-with-excerpt wpupg-tax-wprm_course-fruehstueck wpupg-parent-tax-wprm_course-fruehstueck wpupg-tax-wprm_keyword-einmachen wpupg-parent-tax-wprm_keyword-einmachen wpupg-item-link\" href=\"https:\/\/rezepte.ischsuper.ch\/?p=42\" target=\"_self\" data-id=\"202\" data-order-default=\"Rhabarber Erdbeer Konfit\u00fcre mit Holunderbl\u00fctensirup\">\n<div class=\"wpupg-meta-container\">\n    <div class=\"wpupg-item-title wpupg-block-text-bold\">Rhabarber Erdbeer Konfit\u00fcre mit Holunderbl\u00fctensirup<\/div>\n    <span class=\"wpupg-item-excerpt wpupg-block-text-normal\"><\/span>\n<\/div><\/a><a class=\"wpupg-item wpupg-item-post wpupg-item-198 wpupg-type-wprm_recipe wpupg-item-no-image wpupg-template-simple-with-excerpt wpupg-tax-wprm_course-dessert wpupg-parent-tax-wprm_course-dessert wpupg-tax-wprm_keyword-backen wpupg-parent-tax-wprm_keyword-backen wpupg-item-link\" href=\"https:\/\/rezepte.ischsuper.ch\/?p=52\" target=\"_self\" data-id=\"198\" data-order-default=\"R\u00fceblicake\">\n<div class=\"wpupg-meta-container\">\n    <div class=\"wpupg-item-title wpupg-block-text-bold\">R\u00fceblicake<\/div>\n    <span class=\"wpupg-item-excerpt wpupg-block-text-normal\"><\/span>\n<\/div><\/a><a class=\"wpupg-item wpupg-item-post wpupg-item-186 wpupg-type-wprm_recipe wpupg-item-no-image wpupg-template-simple-with-excerpt wpupg-tax-wprm_course-suppe wpupg-parent-tax-wprm_course-suppe wpupg-tax-wprm_keyword-kochen wpupg-parent-tax-wprm_keyword-kochen wpupg-item-link\" href=\"https:\/\/rezepte.ischsuper.ch\/?p=95\" target=\"_self\" data-id=\"186\" data-order-default=\"Schaumiges Avocadocremes\u00fcppli\">\n<div class=\"wpupg-meta-container\">\n    <div class=\"wpupg-item-title wpupg-block-text-bold\">Schaumiges Avocadocremes\u00fcppli<\/div>\n    <span class=\"wpupg-item-excerpt wpupg-block-text-normal\"><\/span>\n<\/div><\/a><a class=\"wpupg-item wpupg-item-post wpupg-item-364 wpupg-type-wprm_recipe wpupg-item-no-image wpupg-template-simple-with-excerpt wpupg-tax-wprm_course-hauptspeise wpupg-parent-tax-wprm_course-hauptspeise wpupg-item-link\" href=\"https:\/\/rezepte.ischsuper.ch\/?p=367\" target=\"_self\" data-id=\"364\" data-order-default=\"Traditioneller irischer Rindfleischeintopf\">\n<div class=\"wpupg-meta-container\">\n    <div class=\"wpupg-item-title wpupg-block-text-bold\">Traditioneller irischer Rindfleischeintopf<\/div>\n    <span class=\"wpupg-item-excerpt wpupg-block-text-normal\"><\/span>\n<\/div><\/a><a class=\"wpupg-item wpupg-item-post wpupg-item-195 wpupg-type-wprm_recipe wpupg-item-no-image wpupg-template-simple-with-excerpt wpupg-tax-wprm_course-nachspeise wpupg-parent-tax-wprm_course-nachspeise wpupg-tax-wprm_course-kleinigkeit wpupg-parent-tax-wprm_course-kleinigkeit wpupg-tax-wprm_keyword-backen wpupg-parent-tax-wprm_keyword-backen wpupg-item-link\" href=\"https:\/\/rezepte.ischsuper.ch\/?p=75\" target=\"_self\" data-id=\"195\" data-order-default=\"Zimtsterne\">\n<div class=\"wpupg-meta-container\">\n    <div class=\"wpupg-item-title wpupg-block-text-bold\">Zimtsterne<\/div>\n    <span class=\"wpupg-item-excerpt wpupg-block-text-normal\"><\/span>\n<\/div><\/a><a class=\"wpupg-item wpupg-item-post wpupg-item-173 wpupg-type-wprm_recipe wpupg-item-no-image wpupg-template-simple-with-excerpt wpupg-tax-wprm_course-beilage wpupg-parent-tax-wprm_course-beilage wpupg-tax-wprm_course-hauptspeise wpupg-parent-tax-wprm_course-hauptspeise wpupg-tax-wprm_keyword-grillieren wpupg-parent-tax-wprm_keyword-grillieren wpupg-item-link\" href=\"https:\/\/rezepte.ischsuper.ch\/?p=136\" target=\"_self\" data-id=\"173\" data-order-default=\"Zucchini Tornado\">\n<div class=\"wpupg-meta-container\">\n    <div class=\"wpupg-item-title wpupg-block-text-bold\">Zucchini Tornado<\/div>\n    <span class=\"wpupg-item-excerpt wpupg-block-text-normal\"><\/span>\n<\/div><\/a><\/div><div id=\"wpupg-grid-rezepte-empty\" class=\"wpupg-grid-empty\"><p>Keine Rezepte verf\u00fcgbar in dieser Kombination<\/p><\/div><\/div><\/div>","protected":false},"excerpt":{"rendered":"","protected":false},"author":1,"featured_media":0,"parent":0,"menu_order":0,"comment_status":"closed","ping_status":"closed","template":"","meta":{"wprm-recipe-roundup-name":"","wprm-recipe-roundup-description":"","wpupg_custom_link":[],"wpupg_custom_link_behaviour":[],"wpupg_custom_link_nofollow":[],"wpupg_custom_image":[],"wpupg_custom_image_id":[],"footnotes":""},"class_list":["post-217","page","type-page","status-publish","hentry"],"_links":{"self":[{"href":"https:\/\/rezepte.ischsuper.ch\/index.php?rest_route=\/wp\/v2\/pages\/217","targetHints":{"allow":["GET"]}}],"collection":[{"href":"https:\/\/rezepte.ischsuper.ch\/index.php?rest_route=\/wp\/v2\/pages"}],"about":[{"href":"https:\/\/rezepte.ischsuper.ch\/index.php?rest_route=\/wp\/v2\/types\/page"}],"author":[{"embeddable":true,"href":"https:\/\/rezepte.ischsuper.ch\/index.php?rest_route=\/wp\/v2\/users\/1"}],"replies":[{"embeddable":true,"href":"https:\/\/rezepte.ischsuper.ch\/index.php?rest_route=%2Fwp%2Fv2%2Fcomments&post=217"}],"version-history":[{"count":3,"href":"https:\/\/rezepte.ischsuper.ch\/index.php?rest_route=\/wp\/v2\/pages\/217\/revisions"}],"predecessor-version":[{"id":255,"href":"https:\/\/rezepte.ischsuper.ch\/index.php?rest_route=\/wp\/v2\/pages\/217\/revisions\/255"}],"wp:attachment":[{"href":"https:\/\/rezepte.ischsuper.ch\/index.php?rest_route=%2Fwp%2Fv2%2Fmedia&parent=217"}],"curies":[{"name":"wp","href":"https:\/\/api.w.org\/{rel}","templated":true}]}}